


{"id":276,"date":"2019-07-31T16:11:27","date_gmt":"2019-07-31T16:11:27","guid":{"rendered":"https:\/\/artekeramiko.com\/?page_id=276"},"modified":"2020-12-22T14:51:34","modified_gmt":"2020-12-22T14:51:34","slug":"conceptos-basicos","status":"publish","type":"page","link":"https:\/\/www.artekeramiko.com\/es\/ceramica\/conceptos-basicos\/","title":{"rendered":"Conceptos b\u00e1sicos"},"content":{"rendered":"<div class=\"wpb-content-wrapper\"><p>[vc_row][vc_column][vc_column_text]<\/p>\n<h1>Conceptos b\u00e1sicos<\/h1>\n<p>[\/vc_column_text][\/vc_column][\/vc_row][vc_row][vc_column width=\u00bb1\/2&#8243;][vc_column_text]<\/p>\n<h2>La palabra \u00ab<strong>keramos\u00bb<\/strong><\/h2>\n<p>La palabra cer\u00e1mica se deriva de una palabra griega \u00abKeramos\u00bb que significa \u00abalfarero\u00bb o \u00abcer\u00e1mica\u00bb. Keramos a su vez se origin\u00f3 a partir de una ra\u00edz s\u00e1nscrita, que significa \u00abquemar\u00bb. Por lo tanto, la palabra Keramos era inferir \u00absustancia quemada\u00bb o \u00abtierra quemada\u00bb.<\/p>\n<p>Cuando escuchamos la palabra cer\u00e1mica, nos inclinamos a pensar en azulejos, ollas, art\u00edculos de arte, vajillas, cer\u00e1mica, ladrillos e inodoros. Normalmente, estos productos se denominan cer\u00e1micas habituales o a base de silicato. Si bien estos productos convencionales han sido y siguen siendo importantes para la civilizaci\u00f3n, ha surgido una nueva clase de cer\u00e1mica, que la mayor\u00eda de las personas desconocen.<\/p>\n<p>Estas cer\u00e1micas avanzadas o t\u00e9cnicas o modernas o industriales se est\u00e1n utilizando para aplicaciones como baldosas de transbordadores espaciales, componentes de motores, huesos y dientes artificiales, computadoras y otros componentes electr\u00f3nicos y herramientas de corte, por nombrar algunos.[\/vc_column_text][\/vc_column][vc_column width=\u00bb1\/2&#8243;][vc_column_text]<\/p>\n<h2>Un poco de <strong>historia<\/strong><\/h2>\n<p>La cer\u00e1mica ha estado acompa\u00f1ando a la raza humana desde la antig\u00fcedad. Los arque\u00f3logos han desenterrado cer\u00e1micas hechas por el hombre que datan de al menos 25,000 AC. Las cer\u00e1micas primitivas estaban hechas de materiales b\u00e1sicos de barro como arcilla y se quemaban en c\u00fapulas. La inventiva humana comenz\u00f3 gradualmente disparando estos art\u00edculos a temperaturas m\u00e1s altas para lograr art\u00edculos de cer\u00e1mica m\u00e1s duros. Este deseo de obtener sustancias m\u00e1s duras llev\u00f3 a las razas humanas a inventar mejores t\u00e9cnicas de disparo. El entusiasmo humano y el misterio de la naturaleza han recorrido un largo camino desde los productos b\u00e1sicos de barro hasta la cer\u00e1mica avanzada del mundo moderno.<\/p>\n<p>Como las cer\u00e1micas est\u00e1n hechas de materiales de tierra, son los productos m\u00e1s compatibles con la naturaleza. La cer\u00e1mica es el \u00fanico material que es amigable con la naturaleza y, por lo tanto, est\u00e1 libre de descomposici\u00f3n debido a impactos naturales graduales como corrosi\u00f3n, erosi\u00f3n, abrasi\u00f3n, choques t\u00e9rmicos, etc.[\/vc_column_text][\/vc_column][\/vc_row][vc_row][vc_column width=\u00bb1\/2&#8243;][vc_column_text]<\/p>\n<h2>Cer\u00e1mica<strong> conceptual<br \/>\n<\/strong><\/h2>\n<p>A lo largo de los siglos, la cer\u00e1mica ha sido muy apreciada principalmente como objetos de arte, pero cada vez hay m\u00e1s demanda de tener piezas cer\u00e1micas artesanales hechas a mano como objetos utilitarios y funcionales.<\/p>\n<p>La pieza de arte de cer\u00e1mica puede ser el resultado de diferentes inspiraciones como la naturaleza, influencias culturales u otras, como la historia del arte y el dise\u00f1o.<\/p>\n<p>Una pieza de cer\u00e1mica contiene dise\u00f1o, forma, integraci\u00f3n de superficie, materiales y t\u00e9cnicas. No importa si es funcional o conceptual, una pieza de cer\u00e1mica debe tener una forma, un tema y un contenido espec\u00edficos. Todav\u00eda hay una diferencia entre la cer\u00e1mica conceptual y la cer\u00e1mica funcional. Una diferencia destacada por cu\u00e1nto alguien est\u00e1 dispuesto a gastar para poseer estas cer\u00e1micas hechas a mano.<\/p>\n<p>Una definici\u00f3n de bellas artes es \u00abun arte visual que se considera creado principalmente para fines est\u00e9ticos e intelectuales y juzgado por su belleza y significado, espec\u00edficamente, pintura, escultura, dibujo, acuarela, gr\u00e1ficos y arquitectura\u00bb. En ese sentido, existe Hay diferencias te\u00f3ricas entre las bellas artes y las artes aplicadas.<\/p>\n<p>[\/vc_column_text][\/vc_column][vc_column width=\u00bb1\/2&#8243;][vc_column_text]<\/p>\n<h2>Cer\u00e1mica<strong> funcional<br \/>\n<\/strong><\/h2>\n<p>La cer\u00e1mica funcional se crea por su utilidad. El objeto cer\u00e1mico tiene una funci\u00f3n y un prop\u00f3sito. Es un objeto utilitario dise\u00f1ado para ser principalmente \u00fatil. Hacer cer\u00e1mica funcional significa que estamos resolviendo problemas, pensando en desaf\u00edos t\u00e9cnicos, como el tama\u00f1o de la olla, la posici\u00f3n del mango o el volumen en un recipiente.<\/p>\n<p>El dise\u00f1o de la cer\u00e1mica funcional debe ser \u00fatil y pr\u00e1ctico, centr\u00e1ndose menos en el significado y la est\u00e9tica. Los fabricantes de objetos \u00fatiles est\u00e1n interesados \u200b\u200ben la forma, estabilidad, longevidad, durabilidad, forma, peso y ergonom\u00eda. Afortunadamente, la pieza de cer\u00e1mica puede ser hermosa y funcional al mismo tiempo.<\/p>\n<p>El objeto cer\u00e1mico tiene una funci\u00f3n y un prop\u00f3sito. Es un objeto utilitario dise\u00f1ado para ser principalmente \u00fatil. Hacer cer\u00e1mica funcional significa que estamos resolviendo problemas, pensando en desaf\u00edos t\u00e9cnicos, como el tama\u00f1o de la olla, la posici\u00f3n del mango o el volumen en un recipiente<\/p>\n<p>La cer\u00e1mica funcional se crea por su utilidad. El objeto cer\u00e1mico tiene una funci\u00f3n y un prop\u00f3sito. Es un objeto utilitario dise\u00f1ado para ser principalmente \u00fatil.<\/p>\n<p>[\/vc_column_text][\/vc_column][\/vc_row]<\/p>\n<\/div>","protected":false},"excerpt":{"rendered":"<p>[vc_row][vc_column][vc_column_text] Conceptos b\u00e1sicos [\/vc_column_text][\/vc_column][\/vc_row][vc_row][vc_column width=\u00bb1\/2&#8243;][vc_column_text] La palabra \u00abkeramos\u00bb La palabra cer\u00e1mica se deriva de una palabra<\/p>\n","protected":false},"author":2,"featured_media":0,"parent":35,"menu_order":3,"comment_status":"closed","ping_status":"closed","template":"","meta":{"footnotes":""},"class_list":["post-276","page","type-page","status-publish","hentry"],"yoast_head":"\n<title>Conceptos b\u00e1sicos - Tienda de ceramica<\/title>\n<meta name=\"robots\" content=\"index, follow, max-snippet:-1, max-image-preview:large, max-video-preview:-1\" \/>\n<link rel=\"canonical\" href=\"https:\/\/www.artekeramiko.com\/es\/ceramica\/conceptos-basicos\/\" \/>\n<meta property=\"og:locale\" content=\"es_ES\" \/>\n<meta property=\"og:type\" content=\"article\" \/>\n<meta property=\"og:title\" content=\"Conceptos b\u00e1sicos - Tienda de ceramica\" \/>\n<meta property=\"og:description\" content=\"[vc_row][vc_column][vc_column_text] Conceptos b\u00e1sicos [\/vc_column_text][\/vc_column][\/vc_row][vc_row][vc_column width=\u00bb1\/2&#8243;][vc_column_text] La palabra \u00abkeramos\u00bb La palabra cer\u00e1mica se deriva de una palabra\" \/>\n<meta property=\"og:url\" content=\"https:\/\/www.artekeramiko.com\/es\/ceramica\/conceptos-basicos\/\" \/>\n<meta property=\"og:site_name\" content=\"Tienda de ceramica\" \/>\n<meta property=\"article:modified_time\" content=\"2020-12-22T14:51:34+00:00\" \/>\n<meta name=\"twitter:card\" content=\"summary_large_image\" \/>\n<meta name=\"twitter:label1\" content=\"Tiempo de lectura\" \/>\n\t<meta name=\"twitter:data1\" content=\"4 minutos\" \/>\n<script type=\"application\/ld+json\" class=\"yoast-schema-graph\">{\"@context\":\"https:\/\/schema.org\",\"@graph\":[{\"@type\":\"WebPage\",\"@id\":\"https:\/\/www.artekeramiko.com\/es\/ceramica\/conceptos-basicos\/\",\"url\":\"https:\/\/www.artekeramiko.com\/es\/ceramica\/conceptos-basicos\/\",\"name\":\"Conceptos b\u00e1sicos - Tienda de ceramica\",\"isPartOf\":{\"@id\":\"https:\/\/www.artekeramiko.com\/#website\"},\"datePublished\":\"2019-07-31T16:11:27+00:00\",\"dateModified\":\"2020-12-22T14:51:34+00:00\",\"breadcrumb\":{\"@id\":\"https:\/\/www.artekeramiko.com\/es\/ceramica\/conceptos-basicos\/#breadcrumb\"},\"inLanguage\":\"es\",\"potentialAction\":[{\"@type\":\"ReadAction\",\"target\":[\"https:\/\/www.artekeramiko.com\/es\/ceramica\/conceptos-basicos\/\"]}]},{\"@type\":\"BreadcrumbList\",\"@id\":\"https:\/\/www.artekeramiko.com\/es\/ceramica\/conceptos-basicos\/#breadcrumb\",\"itemListElement\":[{\"@type\":\"ListItem\",\"position\":1,\"name\":\"Portada\",\"item\":\"https:\/\/www.artekeramiko.com\/es\/\"},{\"@type\":\"ListItem\",\"position\":2,\"name\":\"BIO\",\"item\":\"https:\/\/www.artekeramiko.com\/es\/ceramica\/\"},{\"@type\":\"ListItem\",\"position\":3,\"name\":\"Conceptos b\u00e1sicos\"}]},{\"@type\":\"WebSite\",\"@id\":\"https:\/\/www.artekeramiko.com\/#website\",\"url\":\"https:\/\/www.artekeramiko.com\/\",\"name\":\"Tienda de ceramica\",\"description\":\"\",\"potentialAction\":[{\"@type\":\"SearchAction\",\"target\":{\"@type\":\"EntryPoint\",\"urlTemplate\":\"https:\/\/www.artekeramiko.com\/?s={search_term_string}\"},\"query-input\":{\"@type\":\"PropertyValueSpecification\",\"valueRequired\":true,\"valueName\":\"search_term_string\"}}],\"inLanguage\":\"es\"}]}<\/script>\n","yoast_head_json":{"title":"Conceptos b\u00e1sicos - Tienda de ceramica","robots":{"index":"index","follow":"follow","max-snippet":"max-snippet:-1","max-image-preview":"max-image-preview:large","max-video-preview":"max-video-preview:-1"},"canonical":"https:\/\/www.artekeramiko.com\/es\/ceramica\/conceptos-basicos\/","og_locale":"es_ES","og_type":"article","og_title":"Conceptos b\u00e1sicos - Tienda de ceramica","og_description":"[vc_row][vc_column][vc_column_text] Conceptos b\u00e1sicos [\/vc_column_text][\/vc_column][\/vc_row][vc_row][vc_column width=\u00bb1\/2&#8243;][vc_column_text] La palabra \u00abkeramos\u00bb La palabra cer\u00e1mica se deriva de una palabra","og_url":"https:\/\/www.artekeramiko.com\/es\/ceramica\/conceptos-basicos\/","og_site_name":"Tienda de ceramica","article_modified_time":"2020-12-22T14:51:34+00:00","twitter_card":"summary_large_image","twitter_misc":{"Tiempo de lectura":"4 minutos"},"schema":{"@context":"https:\/\/schema.org","@graph":[{"@type":"WebPage","@id":"https:\/\/www.artekeramiko.com\/es\/ceramica\/conceptos-basicos\/","url":"https:\/\/www.artekeramiko.com\/es\/ceramica\/conceptos-basicos\/","name":"Conceptos b\u00e1sicos - Tienda de ceramica","isPartOf":{"@id":"https:\/\/www.artekeramiko.com\/#website"},"datePublished":"2019-07-31T16:11:27+00:00","dateModified":"2020-12-22T14:51:34+00:00","breadcrumb":{"@id":"https:\/\/www.artekeramiko.com\/es\/ceramica\/conceptos-basicos\/#breadcrumb"},"inLanguage":"es","potentialAction":[{"@type":"ReadAction","target":["https:\/\/www.artekeramiko.com\/es\/ceramica\/conceptos-basicos\/"]}]},{"@type":"BreadcrumbList","@id":"https:\/\/www.artekeramiko.com\/es\/ceramica\/conceptos-basicos\/#breadcrumb","itemListElement":[{"@type":"ListItem","position":1,"name":"Portada","item":"https:\/\/www.artekeramiko.com\/es\/"},{"@type":"ListItem","position":2,"name":"BIO","item":"https:\/\/www.artekeramiko.com\/es\/ceramica\/"},{"@type":"ListItem","position":3,"name":"Conceptos b\u00e1sicos"}]},{"@type":"WebSite","@id":"https:\/\/www.artekeramiko.com\/#website","url":"https:\/\/www.artekeramiko.com\/","name":"Tienda de ceramica","description":"","potentialAction":[{"@type":"SearchAction","target":{"@type":"EntryPoint","urlTemplate":"https:\/\/www.artekeramiko.com\/?s={search_term_string}"},"query-input":{"@type":"PropertyValueSpecification","valueRequired":true,"valueName":"search_term_string"}}],"inLanguage":"es"}]}},"_links":{"self":[{"href":"https:\/\/www.artekeramiko.com\/es\/wp-json\/wp\/v2\/pages\/276","targetHints":{"allow":["GET"]}}],"collection":[{"href":"https:\/\/www.artekeramiko.com\/es\/wp-json\/wp\/v2\/pages"}],"about":[{"href":"https:\/\/www.artekeramiko.com\/es\/wp-json\/wp\/v2\/types\/page"}],"author":[{"embeddable":true,"href":"https:\/\/www.artekeramiko.com\/es\/wp-json\/wp\/v2\/users\/2"}],"replies":[{"embeddable":true,"href":"https:\/\/www.artekeramiko.com\/es\/wp-json\/wp\/v2\/comments?post=276"}],"version-history":[{"count":0,"href":"https:\/\/www.artekeramiko.com\/es\/wp-json\/wp\/v2\/pages\/276\/revisions"}],"up":[{"embeddable":true,"href":"https:\/\/www.artekeramiko.com\/es\/wp-json\/wp\/v2\/pages\/35"}],"wp:attachment":[{"href":"https:\/\/www.artekeramiko.com\/es\/wp-json\/wp\/v2\/media?parent=276"}],"curies":[{"name":"wp","href":"https:\/\/api.w.org\/{rel}","templated":true}]}}