


{"id":2,"date":"2014-05-22T19:12:41","date_gmt":"2014-05-22T19:12:41","guid":{"rendered":"https:\/\/artekeramiko.com\/?page_id=2"},"modified":"2025-06-24T11:23:25","modified_gmt":"2025-06-24T11:23:25","slug":"home","status":"publish","type":"page","link":"https:\/\/www.artekeramiko.com\/es\/","title":{"rendered":"Inicio"},"content":{"rendered":"<div class=\"wpb-content-wrapper\"><p>[vc_row][vc_column][vc_column_text]<\/p>\n<h1 style=\"text-align: left;\">Dise\u00f1o &amp; creaci\u00f3n<\/h1>\n<p>[\/vc_column_text][\/vc_column][\/vc_row][vc_row][vc_column width=\u00bb1\/3&#8243;][vc_column_text]<\/p>\n<h3>PIEZAS ARTESANALES<\/h3>\n<p>[\/vc_column_text][vc_single_image image=\u00bb3487&#8243; img_size=\u00bb472&#215;800&#8243;][vc_column_text]<\/p>\n<h2>\u00daNICAS Y EXCLUSIVAS<\/h2>\n<p>Cada pieza es \u00fanica, dise\u00f1ada y hecha a mano, una a una, con la <strong>belleza de la imperfecci\u00f3n<\/strong>, las formas org\u00e1nicas ricas en texturas inspiradas en colores tierras o colores vivos, algunas simples y otras con motivos muy abstractos.<\/p>\n<p><a class=\"btn\" href=\"https:\/\/www.artekeramiko.com\/es\/bio\/\">Piezas artesanales<\/a>[\/vc_column_text][\/vc_column][vc_column width=\u00bb1\/3&#8243;][vc_column_text]<\/p>\n<h3>DECORATIVO &amp; FUNCIONAL<\/h3>\n<p>[\/vc_column_text][vc_single_image image=\u00bb2493&#8243; img_size=\u00bb472&#215;800&#8243;][vc_column_text]<\/p>\n<h2>Nuestra selecci\u00f3n<\/h2>\n<p>Todas nuestras piezas cer\u00e1micas est\u00e1n ba\u00f1adas en <strong>esmaltes sin plomo<\/strong>, por lo que son especialmente recomendadas para cer\u00e1micas de uso alimentario. La mayor\u00eda de nuestras\u00a0 terminaciones son mate, sin plomo. Cuidamos a las personas y al medio ambiente.<\/p>\n<p><a class=\"btn\" href=\"https:\/\/www.artekeramiko.com\/es\/ceramica\/productos\/\">Sin toxicidad<\/a>[\/vc_column_text][\/vc_column][vc_column width=\u00bb1\/3&#8243;][vc_column_text]<\/p>\n<h3>COLECCIONES Y NOVEDADES<\/h3>\n<p>[\/vc_column_text][vc_single_image image=\u00bb3479&#8243; img_size=\u00bb472&#215;800&#8243;][vc_column_text]<\/p>\n<h2>Blog<\/h2>\n<p>Aqu\u00ed encontrar\u00e1s todo tipo de informaci\u00f3n relacionada con el mundo cer\u00e1mico y su entorno, <strong>nuestras nuevas colecciones<\/strong>, <strong>t\u00e9cnicas, novedades, eventos, curiosidades<\/strong>, \u00faltimos dise\u00f1os y creaciones, mercadillos de dise\u00f1o, etc.<\/p>\n<p><a class=\"btn\" href=\"https:\/\/www.artekeramiko.com\/es\/blog\/\">Blog<\/a>[\/vc_column_text][\/vc_column][\/vc_row][vc_row css=\u00bb.vc_custom_1743625132713{margin-top: 40px !important;margin-bottom: -22px !important;}\u00bb][vc_column][vc_column_text el_class=\u00bblarge\u00bb]<\/p>\n<h1 style=\"text-align: left;\">NUEVAS COLLECCIONES<\/h1>\n<p>[\/vc_column_text][\/vc_column][\/vc_row][vc_row el_class=\u00bbproduct\u00bb][vc_column width=\u00bb1\/3&#8243;][vc_single_image image=\u00bb3217&#8243; img_size=\u00bb472&#215;750&#8243;][vc_column_text]<\/p>\n<h2>L\u00e1mparas de dise\u00f1o<\/h2>\n<p>[\/vc_column_text][\/vc_column][vc_column width=\u00bb1\/3&#8243;][vc_single_image image=\u00bb2851&#8243; img_size=\u00bb472&#215;750&#8243;][vc_column_text]<\/p>\n<h2>Originales platos<\/h2>\n<p>[\/vc_column_text][\/vc_column][vc_column width=\u00bb1\/3&#8243;][vc_single_image image=\u00bb2705&#8243; img_size=\u00bb472&#215;750&#8243;][vc_column_text]<\/p>\n<h2>Cuencos creativos<\/h2>\n<p>[\/vc_column_text][\/vc_column][\/vc_row]<\/p>\n<\/div>","protected":false},"excerpt":{"rendered":"<p>[vc_row][vc_column][vc_column_text] Dise\u00f1o &amp; creaci\u00f3n [\/vc_column_text][\/vc_column][\/vc_row][vc_row][vc_column width=\u00bb1\/3&#8243;][vc_column_text] PIEZAS ARTESANALES [\/vc_column_text][vc_single_image image=\u00bb3487&#8243; img_size=\u00bb472&#215;800&#8243;][vc_column_text] \u00daNICAS Y EXCLUSIVAS Cada pieza<\/p>\n","protected":false},"author":1,"featured_media":0,"parent":0,"menu_order":0,"comment_status":"closed","ping_status":"closed","template":"page-templates\/home.php","meta":{"footnotes":""},"class_list":["post-2","page","type-page","status-publish","hentry"],"yoast_head":"\n<title>Cer\u00e1mica viva<\/title>\n<meta name=\"description\" content=\"Creatividad, arte y funcionalidad en cer\u00e1mimica. Cada pieza cer\u00e1mica es \u00fanica y exclusiva, org\u00e1nica y sostenible.\" \/>\n<meta name=\"robots\" content=\"index, follow, max-snippet:-1, max-image-preview:large, max-video-preview:-1\" \/>\n<link rel=\"canonical\" href=\"https:\/\/www.artekeramiko.com\/es\/\" \/>\n<meta property=\"og:locale\" content=\"es_ES\" \/>\n<meta property=\"og:type\" content=\"article\" \/>\n<meta property=\"og:title\" content=\"Cer\u00e1mica viva\" \/>\n<meta property=\"og:description\" content=\"Creatividad, arte y funcionalidad en cer\u00e1mimica. Cada pieza cer\u00e1mica es \u00fanica y exclusiva, org\u00e1nica y sostenible.\" \/>\n<meta property=\"og:url\" content=\"https:\/\/www.artekeramiko.com\/es\/\" \/>\n<meta property=\"og:site_name\" content=\"Tienda de ceramica\" \/>\n<meta property=\"article:modified_time\" content=\"2025-06-24T11:23:25+00:00\" \/>\n<meta name=\"twitter:card\" content=\"summary_large_image\" \/>\n<meta name=\"twitter:label1\" content=\"Tiempo de lectura\" \/>\n\t<meta name=\"twitter:data1\" content=\"2 minutos\" \/>\n<script type=\"application\/ld+json\" class=\"yoast-schema-graph\">{\"@context\":\"https:\/\/schema.org\",\"@graph\":[{\"@type\":\"WebPage\",\"@id\":\"https:\/\/www.artekeramiko.com\/es\/\",\"url\":\"https:\/\/www.artekeramiko.com\/es\/\",\"name\":\"Cer\u00e1mica viva\",\"isPartOf\":{\"@id\":\"https:\/\/www.artekeramiko.com\/#website\"},\"datePublished\":\"2014-05-22T19:12:41+00:00\",\"dateModified\":\"2025-06-24T11:23:25+00:00\",\"description\":\"Creatividad, arte y funcionalidad en cer\u00e1mimica. Cada pieza cer\u00e1mica es \u00fanica y exclusiva, org\u00e1nica y sostenible.\",\"breadcrumb\":{\"@id\":\"https:\/\/www.artekeramiko.com\/es\/#breadcrumb\"},\"inLanguage\":\"es\",\"potentialAction\":[{\"@type\":\"ReadAction\",\"target\":[\"https:\/\/www.artekeramiko.com\/es\/\"]}]},{\"@type\":\"BreadcrumbList\",\"@id\":\"https:\/\/www.artekeramiko.com\/es\/#breadcrumb\",\"itemListElement\":[{\"@type\":\"ListItem\",\"position\":1,\"name\":\"Portada\",\"item\":\"https:\/\/www.artekeramiko.com\/es\/\"},{\"@type\":\"ListItem\",\"position\":2,\"name\":\"Inicio\"}]},{\"@type\":\"WebSite\",\"@id\":\"https:\/\/www.artekeramiko.com\/#website\",\"url\":\"https:\/\/www.artekeramiko.com\/\",\"name\":\"Tienda de ceramica\",\"description\":\"\",\"potentialAction\":[{\"@type\":\"SearchAction\",\"target\":{\"@type\":\"EntryPoint\",\"urlTemplate\":\"https:\/\/www.artekeramiko.com\/?s={search_term_string}\"},\"query-input\":{\"@type\":\"PropertyValueSpecification\",\"valueRequired\":true,\"valueName\":\"search_term_string\"}}],\"inLanguage\":\"es\"}]}<\/script>\n","yoast_head_json":{"title":"Cer\u00e1mica viva","description":"Creatividad, arte y funcionalidad en cer\u00e1mimica. Cada pieza cer\u00e1mica es \u00fanica y exclusiva, org\u00e1nica y sostenible.","robots":{"index":"index","follow":"follow","max-snippet":"max-snippet:-1","max-image-preview":"max-image-preview:large","max-video-preview":"max-video-preview:-1"},"canonical":"https:\/\/www.artekeramiko.com\/es\/","og_locale":"es_ES","og_type":"article","og_title":"Cer\u00e1mica viva","og_description":"Creatividad, arte y funcionalidad en cer\u00e1mimica. Cada pieza cer\u00e1mica es \u00fanica y exclusiva, org\u00e1nica y sostenible.","og_url":"https:\/\/www.artekeramiko.com\/es\/","og_site_name":"Tienda de ceramica","article_modified_time":"2025-06-24T11:23:25+00:00","twitter_card":"summary_large_image","twitter_misc":{"Tiempo de lectura":"2 minutos"},"schema":{"@context":"https:\/\/schema.org","@graph":[{"@type":"WebPage","@id":"https:\/\/www.artekeramiko.com\/es\/","url":"https:\/\/www.artekeramiko.com\/es\/","name":"Cer\u00e1mica viva","isPartOf":{"@id":"https:\/\/www.artekeramiko.com\/#website"},"datePublished":"2014-05-22T19:12:41+00:00","dateModified":"2025-06-24T11:23:25+00:00","description":"Creatividad, arte y funcionalidad en cer\u00e1mimica. Cada pieza cer\u00e1mica es \u00fanica y exclusiva, org\u00e1nica y sostenible.","breadcrumb":{"@id":"https:\/\/www.artekeramiko.com\/es\/#breadcrumb"},"inLanguage":"es","potentialAction":[{"@type":"ReadAction","target":["https:\/\/www.artekeramiko.com\/es\/"]}]},{"@type":"BreadcrumbList","@id":"https:\/\/www.artekeramiko.com\/es\/#breadcrumb","itemListElement":[{"@type":"ListItem","position":1,"name":"Portada","item":"https:\/\/www.artekeramiko.com\/es\/"},{"@type":"ListItem","position":2,"name":"Inicio"}]},{"@type":"WebSite","@id":"https:\/\/www.artekeramiko.com\/#website","url":"https:\/\/www.artekeramiko.com\/","name":"Tienda de ceramica","description":"","potentialAction":[{"@type":"SearchAction","target":{"@type":"EntryPoint","urlTemplate":"https:\/\/www.artekeramiko.com\/?s={search_term_string}"},"query-input":{"@type":"PropertyValueSpecification","valueRequired":true,"valueName":"search_term_string"}}],"inLanguage":"es"}]}},"_links":{"self":[{"href":"https:\/\/www.artekeramiko.com\/es\/wp-json\/wp\/v2\/pages\/2","targetHints":{"allow":["GET"]}}],"collection":[{"href":"https:\/\/www.artekeramiko.com\/es\/wp-json\/wp\/v2\/pages"}],"about":[{"href":"https:\/\/www.artekeramiko.com\/es\/wp-json\/wp\/v2\/types\/page"}],"author":[{"embeddable":true,"href":"https:\/\/www.artekeramiko.com\/es\/wp-json\/wp\/v2\/users\/1"}],"replies":[{"embeddable":true,"href":"https:\/\/www.artekeramiko.com\/es\/wp-json\/wp\/v2\/comments?post=2"}],"version-history":[{"count":28,"href":"https:\/\/www.artekeramiko.com\/es\/wp-json\/wp\/v2\/pages\/2\/revisions"}],"predecessor-version":[{"id":3489,"href":"https:\/\/www.artekeramiko.com\/es\/wp-json\/wp\/v2\/pages\/2\/revisions\/3489"}],"wp:attachment":[{"href":"https:\/\/www.artekeramiko.com\/es\/wp-json\/wp\/v2\/media?parent=2"}],"curies":[{"name":"wp","href":"https:\/\/api.w.org\/{rel}","templated":true}]}}